{"id":9,"date":"2025-09-09T13:01:34","date_gmt":"2025-09-09T13:01:34","guid":{"rendered":"https:\/\/mrrp.church\/contact\/"},"modified":"2026-05-03T22:10:20","modified_gmt":"2026-05-03T22:10:20","slug":"contact","status":"publish","type":"page","link":"https:\/\/mrrp.church\/en\/contact\/","title":{"rendered":"Contact"},"content":{"rendered":"<div class=\"wp-block-uagb-container uagb-block-71fc7b63 alignfull uagb-is-root-container\"><div class=\"uagb-container-inner-blocks-wrap\">\n<header class=\"wp-block-uagb-advanced-heading uagb-block-158443ef\"><h1 class=\"uagb-heading-text\">CONTACT<\/h1><\/header>\n\n\n\n<p class=\"has-text-align-center has-ast-global-color-5-color has-text-color has-link-color wp-elements-5dd1abdc4a1472df4805584248d9088c\"><em>\u00ab Voici, je me tiens \u00e0 la porte, et je frappe. Si quelqu\u2019un entend ma voix et ouvre la porte, j\u2019entrerai chez lui, je souperai avec lui, et lui avec moi. \u00bb<\/em> &#8211; Apocalypse 3:20-21<br><\/p>\n<\/div><\/div>\n\n\n\n<div class=\"wp-block-uagb-container uagb-block-7fe91c90 alignfull uagb-is-root-container\"><div class=\"uagb-container-inner-blocks-wrap\">\n<div style=\"height:52px\" aria-hidden=\"true\" class=\"wp-block-spacer\"><\/div>\n<\/div><\/div>\n\n\n\n<div data-aos= \"zoom-in\" data-aos-duration=\"400\" data-aos-delay=\"0\" data-aos-easing=\"ease\" data-aos-once=\"true\" class=\"wp-block-uagb-modal uagb-block-60c9b4d3 uagb-modal-wrapper\" data-escpress=\"enable\" data-overlayclick=\"enable\"><div class=\"uagb-spectra-button-wrapper wp-block-button\"><a class=\"uagb-modal-button-link wp-block-button__link uagb-modal-trigger\" href=\"#\" onclick=\"return false;\" target=\"_self\" rel=\"noopener noreferrer\"><span class=\"uagb-modal-content-wrapper\"><span class=\"uagb-inline-editing\">Prayer requests?<\/span><svg xmlns=\"https:\/\/www.w3.org\/2000\/svg\" viewbox=\"0 0 640 512\"><path d=\"M344 48H376C389.3 48 400 58.75 400 72C400 85.25 389.3 96 376 96H344V142.4L456.7 210C471.2 218.7 480 234.3 480 251.2V512H384V416C384 380.7 355.3 352 320 352C284.7 352 256 380.7 256 416V512H160V251.2C160 234.3 168.8 218.7 183.3 210L296 142.4V96H264C250.7 96 240 85.25 240 72C240 58.75 250.7 48 264 48H296V24C296 10.75 306.7 0 320 0C333.3 0 344 10.75 344 24V48zM24.87 330.3L128 273.6V512H48C21.49 512 0 490.5 0 464V372.4C0 354.9 9.53 338.8 24.87 330.3V330.3zM592 512H512V273.6L615.1 330.3C630.5 338.8 640 354.9 640 372.4V464C640 490.5 618.5 512 592 512V512z\"><\/path><\/svg><\/span><\/a><\/div><div class=\"uagb-effect-default uagb-modal-popup uagb-block-60c9b4d3 uagb-modal-type-undefined\"><div class=\"uagb-modal-popup-wrap\"><div class=\"uagb-modal-popup-content\">\n<div class=\"wp-block-uagb-info-box uagb-block-e3fdbfd8 uagb-infobox__content-wrap  uagb-infobox-icon-above-title uagb-infobox-image-valign-top\"><div class=\"uagb-ifb-content\"><div class=\"uagb-ifb-icon-wrap\"><svg xmlns=\"https:\/\/www.w3.org\/2000\/svg\" viewbox=\"0 0 512 512\"><path d=\"M256 512c141.4 0 256-114.6 256-256s-114.6-256-256-256C114.6 0 0 114.6 0 256S114.6 512 256 512zM129.2 265.9C131.7 259.9 137.5 256 144 256h64V160c0-17.67 14.33-32 32-32h32c17.67 0 32 14.33 32 32v96h64c6.469 0 12.31 3.891 14.78 9.875c2.484 5.984 1.109 12.86-3.469 17.44l-112 112c-6.248 6.248-16.38 6.248-22.62 0l-112-112C128.1 278.7 126.7 271.9 129.2 265.9z\"><\/path><\/svg><\/div><div class=\"uagb-ifb-title-wrap\"><h3 class=\"uagb-ifb-title\">Don't wait any longer!<br><\/h3><\/div><p class=\"uagb-ifb-desc\"><font dir=\"auto\" style=\"vertical-align: inherit;\"><font dir=\"auto\" style=\"vertical-align: inherit;\">Are you going through a difficult situation? Don't carry your burden alone; let Jesus take over.<\/font><\/font> <font dir=\"auto\" style=\"vertical-align: inherit;\"><font dir=\"auto\" style=\"vertical-align: inherit;\">Experience Jesus today<\/font><\/font>. Connect with a man of God at will.<\/p><div class=\"uagb-ifb-button-wrapper wp-block-button\"><a href=\"\/en\/wa.me\/\/+22966303737\/\" class=\"uagb-infobox-cta-link wp-block-button__link\" target=\"_self\" rel=\"noopener noreferrer\" onclick=\"return true;\"><span class=\"uagb-inline-editing\">Learn more<\/span><\/a><\/div><\/div><\/div>\n\n\n\n<div class=\"wp-block-uagb-container uagb-block-46bc83a0 alignfull uagb-is-root-container\"><div class=\"uagb-container-inner-blocks-wrap\"><\/div><\/div>\n<\/div><button class=\"uagb-modal-popup-close\" aria-label=\"Close Modal\"><svg xmlns=\"https:\/\/www.w3.org\/2000\/svg\" viewbox=\"0 0 320 512\"><path d=\"M310.6 361.4c12.5 12.5 12.5 32.75 0 45.25C304.4 412.9 296.2 416 288 416s-16.38-3.125-22.62-9.375L160 301.3L54.63 406.6C48.38 412.9 40.19 416 32 416S15.63 412.9 9.375 406.6c-12.5-12.5-12.5-32.75 0-45.25l105.4-105.4L9.375 150.6c-12.5-12.5-12.5-32.75 0-45.25s32.75-12.5 45.25 0L160 210.8l105.4-105.4c12.5-12.5 32.75-12.5 45.25 0s12.5 32.75 0 45.25l-105.4 105.4L310.6 361.4z\"><\/path><\/svg><\/button><\/div><\/div><\/div>\n\n\n\n<div class=\"wp-block-uagb-container uagb-block-1l1dnjsv alignfull uagb-is-root-container\"><div class=\"uagb-container-inner-blocks-wrap\">\n<div class=\"wp-block-uagb-container uagb-block-ra3qhyzy\">\n<div class=\"wp-block-uagb-info-box uagb-block-a4iyqh5l uagb-infobox__content-wrap  uagb-infobox-icon-above-title uagb-infobox-image-valign-top\"><div class=\"uagb-ifb-content\"><div class=\"uagb-ifb-title-wrap\"><h3 class=\"uagb-ifb-title\">Contact Us<\/h3><\/div><\/div><\/div>\n\n\n\n<div class=\"wp-block-uagb-container uagb-block-6hc1xlx6\">\n<div class=\"wp-block-uagb-forms uagb-forms__outer-wrap uagb-block-lnv9zxfj uagb-forms__default-btn\"><form class=\"uagb-forms-main-form\" method=\"post\" autocomplete=\"on\" name=\"uagb-form-lnv9zxfj\" action=\"\">\n<div class=\"wp-block-uagb-forms-name uagb-forms-name-wrap uagb-forms-field-set uagb-block-yhesfa9q uag-col-2\"><div class=\"uagb-forms-name-label required uagb-forms-input-label\" id=\"yhesfa9q\">NAME<\/div><input type=\"text\" placeholder=\"\" required class=\"uagb-forms-name-input uagb-forms-input\" name=\"yhesfa9q\" autocomplete=\"given-name\"\/><\/div>\n\n\n\n<div class=\"wp-block-uagb-forms-name uagb-forms-name-wrap uagb-forms-field-set uagb-block-eeec6bwj uag-col-2\"><div class=\"uagb-forms-name-label required uagb-forms-input-label\" id=\"eeec6bwj\">First names<\/div><input type=\"text\" placeholder=\"\" required class=\"uagb-forms-name-input uagb-forms-input\" name=\"eeec6bwj\" autocomplete=\"family-name\"\/><\/div>\n\n\n\n<div class=\"wp-block-uagb-forms-email uagb-forms-email-wrap uagb-forms-field-set uagb-block-robene30\"><div class=\"uagb-forms-email-label required uagb-forms-input-label\" id=\"robene30\">Email<\/div><input type=\"email\" class=\"uagb-forms-email-input uagb-forms-input\" placeholder=\"\" required name=\"robene30\" autocomplete=\"email\"\/><\/div>\n\n\n\n<div class=\"wp-block-uagb-forms-textarea uagb-forms-textarea-wrap uagb-forms-field-set uagb-block-j8vbqbwt\"><div class=\"uagb-forms-textarea-label required uagb-forms-input-label\" id=\"j8vbqbwt\">Message<\/div><textarea required class=\"uagb-forms-textarea-input uagb-forms-input\" rows=\"6\" placeholder=\"\" name=\"j8vbqbwt\" autocomplete=\"off\"><\/textarea><\/div>\n<div class=\"uagb-forms-form-hidden-data\"><input type=\"hidden\" class=\"uagb_forms_form_label\" value=\"Spectra Form\"\/><input type=\"hidden\" class=\"uagb_forms_form_id\" value=\"uagb-form-lnv9zxfj\"\/><\/div><div class=\"uagb-form-reacaptcha-error-lnv9zxfj\"><\/div><div class=\"uagb-forms-main-submit-button-wrap wp-block-button\"><button class=\"uagb-forms-main-submit-button wp-block-button__link\"><div class=\"uagb-forms-main-submit-button-text\">SEND<\/div><\/button><\/div><input type=\"hidden\" name=\"trp-form-language\" value=\"en\"\/><\/form><div class=\"uagb-forms-success-message-lnv9zxfj uagb-forms-submit-message-hide\"><span>The form has been submitted successfully!<\/span><\/div><div class=\"uagb-forms-failed-message-lnv9zxfj uagb-forms-submit-message-hide\"><span>There was an error submitting the form. Please verify all form fields again.<\/span><\/div><\/div>\n<\/div>\n<\/div>\n\n\n\n<div class=\"wp-block-uagb-container uagb-block-orig9pgq\">\n<div class=\"wp-block-uagb-info-box uagb-block-cwnmai0h uagb-infobox__content-wrap  uagb-infobox-icon-above-title uagb-infobox-image-valign-top\"><div class=\"uagb-ifb-content\"><div class=\"uagb-ifb-title-wrap\"><\/div><\/div><\/div>\n\n\n\n<div class=\"wp-block-uagb-info-box uagb-block-idvuhupf uagb-infobox__content-wrap  uagb-infobox-icon-left uagb-infobox-left uagb-infobox-image-valign-top\"><div class=\"uagb-ifb-icon-wrap\"><div class=\"uagb-iconbox-icon-wrap uagb-infobox-shape-circle\"><svg xmlns=\"https:\/\/www.w3.org\/2000\/svg\" viewbox=\"0 0 512 512\"><path d=\"M464 64C490.5 64 512 85.49 512 112C512 127.1 504.9 141.3 492.8 150.4L275.2 313.6C263.8 322.1 248.2 322.1 236.8 313.6L19.2 150.4C7.113 141.3 0 127.1 0 112C0 85.49 21.49 64 48 64H464zM217.6 339.2C240.4 356.3 271.6 356.3 294.4 339.2L512 176V384C512 419.3 483.3 448 448 448H64C28.65 448 0 419.3 0 384V176L217.6 339.2z\"><\/path><\/svg><\/div><\/div><div class=\"uagb-ifb-content\"><div class=\"uagb-ifb-title-wrap\"><h4 class=\"uagb-ifb-title\">Email<\/h4><\/div><p class=\"uagb-ifb-desc\">contact@backtothewordministries.com<\/p><\/div><\/div>\n\n\n\n<div class=\"wp-block-uagb-info-box uagb-block-ufbrjbf7 uagb-infobox__content-wrap  uagb-infobox-icon-left uagb-infobox-left uagb-infobox-image-valign-top\"><div class=\"uagb-ifb-icon-wrap\"><div class=\"uagb-iconbox-icon-wrap uagb-infobox-shape-circle\"><svg xmlns=\"https:\/\/www.w3.org\/2000\/svg\" viewbox=\"0 0 512 512\"><path d=\"M511.2 387l-23.25 100.8c-3.266 14.25-15.79 24.22-30.46 24.22C205.2 512 0 306.8 0 54.5c0-14.66 9.969-27.2 24.22-30.45l100.8-23.25C139.7-2.602 154.7 5.018 160.8 18.92l46.52 108.5c5.438 12.78 1.77 27.67-8.98 36.45L144.5 207.1c33.98 69.22 90.26 125.5 159.5 159.5l44.08-53.8c8.688-10.78 23.69-14.51 36.47-8.975l108.5 46.51C506.1 357.2 514.6 372.4 511.2 387z\"><\/path><\/svg><\/div><\/div><div class=\"uagb-ifb-content\"><div class=\"uagb-ifb-title-wrap\"><h4 class=\"uagb-ifb-title\">Phone<\/h4><\/div><p class=\"uagb-ifb-desc\">+229 0166303737 <\/p><\/div><\/div>\n\n\n\n<div class=\"wp-block-uagb-info-box uagb-block-t1dk0th0 uagb-infobox__content-wrap  uagb-infobox-icon-left uagb-infobox-left uagb-infobox-image-valign-top\"><div class=\"uagb-ifb-icon-wrap\"><div class=\"uagb-iconbox-icon-wrap uagb-infobox-shape-circle\"><svg xmlns=\"https:\/\/www.w3.org\/2000\/svg\" viewbox=\"0 0 384 512\"><path d=\"M168.3 499.2C116.1 435 0 279.4 0 192C0 85.96 85.96 0 192 0C298 0 384 85.96 384 192C384 279.4 267 435 215.7 499.2C203.4 514.5 180.6 514.5 168.3 499.2H168.3zM192 256C227.3 256 256 227.3 256 192C256 156.7 227.3 128 192 128C156.7 128 128 156.7 128 192C128 227.3 156.7 256 192 256z\"><\/path><\/svg><\/div><\/div><div class=\"uagb-ifb-content\"><div class=\"uagb-ifb-title-wrap\"><h4 class=\"uagb-ifb-title\">Address<\/h4><\/div><p class=\"uagb-ifb-desc\">Benin, Cotonou, Grand Popo<\/p><\/div><\/div>\n\n\n\n<div class=\"wp-block-uagb-container uagb-block-7w4d7eat\">\n<div class=\"wp-block-uagb-info-box uagb-block-8ggoqtkd uagb-infobox__content-wrap  uagb-infobox-icon-above-title uagb-infobox-image-valign-top\"><div class=\"uagb-ifb-content\"><div class=\"uagb-ifb-title-wrap\"><p class=\"uagb-ifb-title\">Follow us:<\/p><\/div><\/div><\/div>\n\n\n\n<div class=\"wp-block-uagb-icon-list uagb-block-11lntiyz\"><div class=\"uagb-icon-list__wrap\">\n<div class=\"wp-block-uagb-icon-list-child uagb-block-izsfuf7b\"><a target=\"_self\" aria-label=\"List item\" rel=\"noopener noreferrer\" href=\"#youtube\"> <\/a><span class=\"uagb-icon-list__source-wrap\"><svg xmlns=\"https:\/\/www.w3.org\/2000\/svg\" viewbox=\"0 0 576 512\"><path d=\"M549.7 124.1c-6.281-23.65-24.79-42.28-48.28-48.6C458.8 64 288 64 288 64S117.2 64 74.63 75.49c-23.5 6.322-42 24.95-48.28 48.6-11.41 42.87-11.41 132.3-11.41 132.3s0 89.44 11.41 132.3c6.281 23.65 24.79 41.5 48.28 47.82C117.2 448 288 448 288 448s170.8 0 213.4-11.49c23.5-6.321 42-24.17 48.28-47.82 11.41-42.87 11.41-132.3 11.41-132.3s0-89.44-11.41-132.3zm-317.5 213.5V175.2l142.7 81.21-142.7 81.2z\"><\/path><\/svg><\/span><\/div>\n\n\n\n<div class=\"wp-block-uagb-icon-list-child uagb-block-uux8ibka\"><a target=\"_self\" aria-label=\"List item\" rel=\"noopener noreferrer\" href=\"#facebook\"> <\/a><span class=\"uagb-icon-list__source-wrap\"><svg xmlns=\"https:\/\/www.w3.org\/2000\/svg\" viewbox=\"0 0 512 512\"><path d=\"M504 256C504 119 393 8 256 8S8 119 8 256c0 123.8 90.69 226.4 209.3 245V327.7h-63V256h63v-54.64c0-62.15 37-96.48 93.67-96.48 27.14 0 55.52 4.84 55.52 4.84v61h-31.28c-30.8 0-40.41 19.12-40.41 38.73V256h68.78l-11 71.69h-57.78V501C413.3 482.4 504 379.8 504 256z\"><\/path><\/svg><\/span><\/div>\n\n\n\n<div class=\"wp-block-uagb-icon-list-child uagb-block-nrjmi0h4\"><a target=\"_self\" aria-label=\"List item\" rel=\"noopener noreferrer\" href=\"#instagram\"> <\/a><span class=\"uagb-icon-list__source-wrap\"><svg xmlns=\"https:\/\/www.w3.org\/2000\/svg\" viewbox=\"0 0 448 512\"><path d=\"M380.9 97.1C339 55.1 283.2 32 223.9 32c-122.4 0-222 99.6-222 222 0 39.1 10.2 77.3 29.6 111L0 480l117.7-30.9c32.4 17.7 68.9 27 106.1 27h.1c122.3 0 224.1-99.6 224.1-222 0-59.3-25.2-115-67.1-157zm-157 341.6c-33.2 0-65.7-8.9-94-25.7l-6.7-4-69.8 18.3L72 359.2l-4.4-7c-18.5-29.4-28.2-63.3-28.2-98.2 0-101.7 82.8-184.5 184.6-184.5 49.3 0 95.6 19.2 130.4 54.1 34.8 34.9 56.2 81.2 56.1 130.5 0 101.8-84.9 184.6-186.6 184.6zm101.2-138.2c-5.5-2.8-32.8-16.2-37.9-18-5.1-1.9-8.8-2.8-12.5 2.8-3.7 5.6-14.3 18-17.6 21.8-3.2 3.7-6.5 4.2-12 1.4-32.6-16.3-54-29.1-75.5-66-5.7-9.8 5.7-9.1 16.3-30.3 1.8-3.7 .9-6.9-.5-9.7-1.4-2.8-12.5-30.1-17.1-41.2-4.5-10.8-9.1-9.3-12.5-9.5-3.2-.2-6.9-.2-10.6-.2-3.7 0-9.7 1.4-14.8 6.9-5.1 5.6-19.4 19-19.4 46.3 0 27.3 19.9 53.7 22.6 57.4 2.8 3.7 39.1 59.7 94.8 83.8 35.2 15.2 49 16.5 66.6 13.9 10.7-1.6 32.8-13.4 37.4-26.4 4.6-13 4.6-24.1 3.2-26.4-1.3-2.5-5-3.9-10.5-6.6z\"><\/path><\/svg><\/span><\/div>\n<\/div><\/div>\n<\/div>\n<\/div>\n<\/div><\/div>\n\n\n\n<div class=\"wp-block-uagb-container uagb-block-jip0nxwq alignfull uagb-is-root-container\"><div class=\"uagb-container-inner-blocks-wrap\">\n<div class=\"wp-block-uagb-info-box uagb-block-tz50akg1 uagb-infobox__content-wrap  uagb-infobox-icon-above-title uagb-infobox-image-valign-top\"><div class=\"uagb-ifb-content\"><div class=\"uagb-ifb-title-wrap\"><h2 class=\"uagb-ifb-title\">Plusieurs membres, un seul Corps<\/h2><\/div><p class=\"uagb-ifb-desc\">The Ministry of Awakening Return to the Word is not limited to a local assembly. It is a ministry that gathers and federates. Several men and women of God, around the world, recognize the grace that accompanies us and support us. Together, we unite our strengths in prayer, worship, and social action for the advancement of God's Kingdom and the salvation of souls.<\/p><\/div><\/div>\n<\/div><\/div>\n\n\n\n<div class=\"alignnormal\"><div id=\"metaslider-id-2225\" style=\"width: 100%;\" class=\"ml-slider-3-108-0 metaslider metaslider-flex metaslider-2225 ml-slider has-carousel-mode ms-theme-clarity nav-hidden\" role=\"region\" aria-label=\"New slideshow\" data-height=\"400\" data-width=\"300\">\n    <div id=\"metaslider_container_2225\">\n        <div id=\"metaslider_2225\">\n            <ul class='slides'>\n                <li style=\"display: none; width: 100%;\" class=\"slide-2236 ms-image\" aria-roledescription=\"slide\" data-date=\"2026-01-06 23:22:18\" data-filename=\"487475306_1725949314993836_1394023074300221511_n11-300x400.png\" data-slide-type=\"image\"><img loading=\"lazy\" decoding=\"async\" src=\"https:\/\/mrrp.church\/wp-content\/uploads\/2025\/09\/487475306_1725949314993836_1394023074300221511_n11-300x400.png\" height=\"400\" width=\"300\" alt=\"Berger Jean Dobo SAKOUVOGUI ministere de reveil retour a la parole photo MRRP\" class=\"slider-2225 slide-2236 msDefaultImage\" title=\"Berger Jean Dobo SAKOUVOGUI Ministry of Awakening Return to the Word Photo MRRP\" \/><div class=\"caption-wrap\"><div class=\"caption\"><div> <div class=\"uagb-ifb-title-wrap\"> <p class=\"uagb-ifb-title\" style=\"text-align:center;\"><strong><span style=\"font-size:10px;\">Berger Jean Dobo SAKOUVOGUI<\/span><\/strong><\/p> <\/div> <\/div><\/div><\/div><\/li>\n                <li style=\"display: none; width: 100%;\" class=\"slide-2232 ms-image\" aria-roledescription=\"slide\" data-date=\"2026-01-06 23:05:47\" data-filename=\"WhatsApp-Image-2026-05-03-at-23.14.04-e1777846739508-300x400.jpeg\" data-slide-type=\"image\"><img loading=\"lazy\" decoding=\"async\" src=\"https:\/\/mrrp.church\/wp-content\/uploads\/2026\/05\/WhatsApp-Image-2026-05-03-at-23.14.04-e1777846739508-300x400.jpeg\" height=\"400\" width=\"300\" alt=\"Pasteur Christ\" class=\"slider-2225 slide-2232 msDefaultImage\" title=\"Pasteur Christ\" \/><div class=\"caption-wrap\"><div class=\"caption\"><div> <div class=\"uagb-ifb-title-wrap\"> <p class=\"uagb-ifb-title\" style=\"text-align:center;\"><strong><span style=\"font-size:10px;\">Pst Christopher ATISO<\/span><\/strong><\/p> <\/div> <\/div><\/div><\/div><\/li>\n                <li style=\"display: none; width: 100%;\" class=\"slide-2231 ms-image\" aria-roledescription=\"slide\" data-date=\"2026-01-06 23:05:46\" data-filename=\"484038334_1197309491835374_4635933999797278185_n-300x400.jpg\" data-slide-type=\"image\"><img loading=\"lazy\" decoding=\"async\" src=\"https:\/\/mrrp.church\/wp-content\/uploads\/2025\/09\/484038334_1197309491835374_4635933999797278185_n-300x400.jpg\" height=\"400\" width=\"300\" alt=\"Papa Ampiah Coffi \u00e0 Ministere de reveil retour \u00e0 la parole MRRP\" class=\"slider-2225 slide-2231 msDefaultImage\" title=\"Papa Ampiah Coffi to Ministry of Awakening Return to the Word MRRP\" \/><div class=\"caption-wrap\"><div class=\"caption\"><div> <div class=\"uagb-ifb-title-wrap\"> <p class=\"uagb-ifb-title\" style=\"text-align:center;\"><strong><span style=\"font-size:10px;\">Rev. Dr. Robert AMPIAH-KWOFI<\/span><\/strong><\/p> <\/div> <\/div><\/div><\/div><\/li>\n                <li style=\"display: none; width: 100%;\" class=\"slide-2536 ms-image\" aria-roledescription=\"slide\" data-date=\"2026-05-03 22:46:11\" data-filename=\"WhatsApp-Image-2026-05-03-at-23.22.20-e1777847261256-300x400.jpeg\" data-slide-type=\"image\"><img loading=\"lazy\" decoding=\"async\" src=\"https:\/\/mrrp.church\/wp-content\/uploads\/2026\/05\/WhatsApp-Image-2026-05-03-at-23.22.20-e1777847261256-300x400.jpeg\" height=\"400\" width=\"300\" alt=\"Pasteur Joe Samalenge\" class=\"slider-2225 slide-2536 msDefaultImage\" title=\"Paul Joseph Samalenge\" \/><div class=\"caption-wrap\"><div class=\"caption\"><div style=\"text-align:center;\"><strong><span style=\"font-size:10px;\">Pst Joe Samalenge<\/span><\/strong><\/div><\/div><\/div><\/li>\n                <li style=\"display: none; width: 100%;\" class=\"slide-2233 ms-image\" aria-roledescription=\"slide\" data-date=\"2026-01-06 23:05:47\" data-filename=\"480222958_604982262147917_5238137501584515614_n-300x400.jpg\" data-slide-type=\"image\"><img loading=\"lazy\" decoding=\"async\" src=\"https:\/\/mrrp.church\/wp-content\/uploads\/2025\/09\/480222958_604982262147917_5238137501584515614_n-300x400.jpg\" height=\"400\" width=\"300\" alt=\"Photo Pst Sunday AVLA ministere de reveil retour a la parole MRRP\" class=\"slider-2225 slide-2233 msDefaultImage\" title=\"Photo Pst Sunday AVLA Revival Ministry Return to the Word MRRP\" \/><div class=\"caption-wrap\"><div class=\"caption\"><div> <div class=\"uagb-ifb-title-wrap\"> <p class=\"uagb-ifb-title\" style=\"text-align:center;\"><strong><span style=\"font-size:10px;\">Last Sunday AVLA<\/span><\/strong><\/p> <\/div> <\/div><\/div><\/div><\/li>\n                <li style=\"display: none; width: 100%;\" class=\"slide-2234 ms-image\" aria-roledescription=\"slide\" data-date=\"2026-01-06 23:19:00\" data-filename=\"WhatsApp-Image-2026-05-03-at-23.12.00-300x400.jpeg\" data-slide-type=\"image\"><img loading=\"lazy\" decoding=\"async\" src=\"https:\/\/mrrp.church\/wp-content\/uploads\/2026\/05\/WhatsApp-Image-2026-05-03-at-23.12.00-300x400.jpeg\" height=\"400\" width=\"300\" alt=\"Pasteur Fadele AKPITI mrrp\" class=\"slider-2225 slide-2234 msDefaultImage\" title=\"Pasteur Fadele AKPITI mrrp\" \/><div class=\"caption-wrap\"><div class=\"caption\"><div> <div class=\"uagb-ifb-title-wrap\"> <p class=\"uagb-ifb-title\" style=\"text-align:center;\"><strong><span style=\"font-size:10px;\">Pastor Fad\u00e8le AKPITI<\/span><\/strong><\/p> <\/div> <\/div><\/div><\/div><\/li>\n                <li style=\"display: none; width: 100%;\" class=\"slide-2241 ms-image\" aria-roledescription=\"slide\" data-date=\"2026-01-06 23:45:39\" data-filename=\"WhatsApp-Image-2026-05-03-at-23.13.59-300x400.jpeg\" data-slide-type=\"image\"><img loading=\"lazy\" decoding=\"async\" src=\"https:\/\/mrrp.church\/wp-content\/uploads\/2026\/05\/WhatsApp-Image-2026-05-03-at-23.13.59-300x400.jpeg\" height=\"400\" width=\"300\" alt=\"Pasteur Philippe ABIALA\" class=\"slider-2225 slide-2241 msDefaultImage\" title=\"Pastor Philippe ABIALA\" \/><div class=\"caption-wrap\"><div class=\"caption\"><div style=\"text-align:center;\"><strong><span style=\"font-size:10px;\">Pst Philippe Stanislas ABIALA<\/span><\/strong><\/div><\/div><\/div><\/li>\n                <li style=\"display: none; width: 100%;\" class=\"slide-2230 ms-image\" aria-roledescription=\"slide\" data-date=\"2026-01-06 23:05:46\" data-filename=\"480102966_604985758814234_1931858836149127882_n-300x400.jpg\" data-slide-type=\"image\"><img loading=\"lazy\" decoding=\"async\" src=\"https:\/\/mrrp.church\/wp-content\/uploads\/2025\/09\/480102966_604985758814234_1931858836149127882_n-300x400.jpg\" height=\"400\" width=\"300\" alt=\"Photo Proph\u00e8te ADANKON Emmanuel Minist\u00e8re de r\u00e9veil retour \u00e0 la parole\" class=\"slider-2225 slide-2230 msDefaultImage\" title=\"Photo Prophet ADANKON Emmanuel Revival Ministry Return to the Word\" \/><div class=\"caption-wrap\"><div class=\"caption\"><div style=\"text-align:center;\"><span style=\"font-size:5px;\"><strong><span style=\"font-size:10px;\">Prophet Dr. Emmanuel ADANKON<\/span><\/strong><\/span><\/div><\/div><\/div><\/li>\n            <\/ul>\n        <\/div>\n        \n    <\/div>\n<\/div><\/div>\n\n\n\n<p><\/p>\n\n\n\n<p><\/p>","protected":false},"excerpt":{"rendered":"<p>CONTACT \u00ab Voici, je me tiens \u00e0 la porte, et je frappe. Si quelqu\u2019un entend ma voix et ouvre la porte, j\u2019entrerai chez lui, je souperai avec lui, et lui avec moi. \u00bb &#8211; Apocalypse 3:20-21<\/p>","protected":false},"author":1,"featured_media":0,"parent":0,"menu_order":0,"comment_status":"closed","ping_status":"closed","template":"","meta":{"_uag_custom_page_level_css":"","site-sidebar-layout":"no-sidebar","site-content-layout":"plain-container","ast-site-content-layout":"full-width-container","site-content-style":"unboxed","site-sidebar-style":"unboxed","ast-global-header-display":"","ast-banner-title-visibility":"","ast-main-header-display":"","ast-hfb-above-header-display":"","ast-hfb-below-header-display":"","ast-hfb-mobile-header-display":"","site-post-title":"disabled","ast-breadcrumbs-content":"","ast-featured-img":"","footer-sml-layout":"","ast-disable-related-posts":"","theme-transparent-header-meta":"enabled","adv-header-id-meta":"","stick-header-meta":"","header-above-stick-meta":"","header-main-stick-meta":"","header-below-stick-meta":"","astra-migrate-meta-layouts":"set","ast-page-background-enabled":"default","ast-page-background-meta":{"desktop":{"background-color":"","background-image":"","background-repeat":"repeat","background-position":"center center","background-size":"auto","background-attachment":"scroll","background-type":"","background-media":"","overlay-type":"","overlay-color":"","overlay-opacity":"","overlay-gradient":""},"tablet":{"background-color":"","background-image":"","background-repeat":"repeat","background-position":"center center","background-size":"auto","background-attachment":"scroll","background-type":"","background-media":"","overlay-type":"","overlay-color":"","overlay-opacity":"","overlay-gradient":""},"mobile":{"background-color":"","background-image":"","background-repeat":"repeat","background-position":"center center","background-size":"auto","background-attachment":"scroll","background-type":"","background-media":"","overlay-type":"","overlay-color":"","overlay-opacity":"","overlay-gradient":""}},"ast-content-background-meta":{"desktop":{"background-color":"var(--ast-global-color-5)","background-image":"","background-repeat":"repeat","background-position":"center center","background-size":"auto","background-attachment":"scroll","background-type":"","background-media":"","overlay-type":"","overlay-color":"","overlay-opacity":"","overlay-gradient":""},"tablet":{"background-color":"var(--ast-global-color-5)","background-image":"","background-repeat":"repeat","background-position":"center center","background-size":"auto","background-attachment":"scroll","background-type":"","background-media":"","overlay-type":"","overlay-color":"","overlay-opacity":"","overlay-gradient":""},"mobile":{"background-color":"var(--ast-global-color-5)","background-image":"","background-repeat":"repeat","background-position":"center center","background-size":"auto","background-attachment":"scroll","background-type":"","background-media":"","overlay-type":"","overlay-color":"","overlay-opacity":"","overlay-gradient":""}},"footnotes":""},"class_list":["post-9","page","type-page","status-publish","hentry"],"_hostinger_reach_plugin_has_subscription_block":false,"_hostinger_reach_plugin_is_elementor":false,"uagb_featured_image_src":{"full":false,"thumbnail":false,"medium":false,"medium_large":false,"large":false,"1536x1536":false,"2048x2048":false,"trp-custom-language-flag":false},"uagb_author_info":{"display_name":"koffoliv@gmail.com","author_link":"https:\/\/mrrp.church\/en\/author\/koffolivgmail-com\/"},"uagb_comment_info":0,"uagb_excerpt":"CONTACT \u00ab Voici, je me tiens \u00e0 la porte, et je frappe. Si quelqu\u2019un entend ma voix et ouvre la porte, j\u2019entrerai chez lui, je souperai avec lui, et lui avec moi. \u00bb &#8211; Apocalypse 3:20-21","_links":{"self":[{"href":"https:\/\/mrrp.church\/en\/wp-json\/wp\/v2\/pages\/9","targetHints":{"allow":["GET"]}}],"collection":[{"href":"https:\/\/mrrp.church\/en\/wp-json\/wp\/v2\/pages"}],"about":[{"href":"https:\/\/mrrp.church\/en\/wp-json\/wp\/v2\/types\/page"}],"author":[{"embeddable":true,"href":"https:\/\/mrrp.church\/en\/wp-json\/wp\/v2\/users\/1"}],"replies":[{"embeddable":true,"href":"https:\/\/mrrp.church\/en\/wp-json\/wp\/v2\/comments?post=9"}],"version-history":[{"count":32,"href":"https:\/\/mrrp.church\/en\/wp-json\/wp\/v2\/pages\/9\/revisions"}],"predecessor-version":[{"id":2527,"href":"https:\/\/mrrp.church\/en\/wp-json\/wp\/v2\/pages\/9\/revisions\/2527"}],"wp:attachment":[{"href":"https:\/\/mrrp.church\/en\/wp-json\/wp\/v2\/media?parent=9"}],"curies":[{"name":"wp","href":"https:\/\/api.w.org\/{rel}","templated":true}]}}