{"id":2258,"date":"2026-01-07T01:33:21","date_gmt":"2026-01-07T01:33:21","guid":{"rendered":"https:\/\/mrrp.church\/?page_id=2258"},"modified":"2026-05-03T22:13:03","modified_gmt":"2026-05-03T22:13:03","slug":"biographie","status":"publish","type":"page","link":"https:\/\/mrrp.church\/en\/biographie\/","title":{"rendered":"Biographie"},"content":{"rendered":"<div class=\"wp-block-uagb-container uagb-block-bzpmv9pb alignfull uagb-is-root-container\"><div class=\"uagb-container-inner-blocks-wrap\">\n<div class=\"wp-block-uagb-info-box uagb-block-dui5ct8f uagb-infobox__content-wrap  uagb-infobox-icon-above-title uagb-infobox-image-valign-top\"><div class=\"uagb-ifb-content\"><div class=\"uagb-ifb-title-wrap\"><h1 class=\"uagb-ifb-title\">BIOGRAPHIE DU PASTEUR PHILIPPE ROGUY BARBOZA<\/h1><\/div><p class=\"uagb-ifb-desc\">A l&rsquo;instar d&rsquo;Abraham, sa vie se r\u00e9sume en une phrase forte de sens : De l&rsquo;exile au r\u00e9veil !<\/p><\/div><\/div>\n\n\n\n<div class=\"wp-block-uagb-buttons uagb-buttons__outer-wrap uagb-btn__default-btn uagb-btn-tablet__default-btn uagb-btn-mobile__default-btn uagb-block-06g5py4f\"><div class=\"uagb-buttons__wrap uagb-buttons-layout-wrap\">\n<div class=\"wp-block-uagb-buttons-child uagb-buttons__outer-wrap uagb-block-itmummne wp-block-button\"><div class=\"uagb-button__wrapper\"><a class=\"uagb-buttons-repeater wp-block-button__link\" aria-label=\"\" href=\"https:\/\/mrrp.church\/en\/contact\/\" rel=\"follow noopener\" target=\"_self\" role=\"button\"><div class=\"uagb-button__link\">Le contacter<\/div><\/a><\/div><\/div>\n<\/div><\/div>\n\n\n\n<div class=\"wp-block-uagb-container uagb-block-dyw8thxn\">\n<div class=\"wp-block-uagb-image aligncenter uagb-block-dlzcresc wp-block-uagb-image--layout-default wp-block-uagb-image--effect-zoomin wp-block-uagb-image--align-center alignleft\"><figure class=\"wp-block-uagb-image__figure\"><img decoding=\"async\" srcset=\"https:\/\/mrrp.church\/wp-content\/uploads\/2026\/01\/474595398_1679185633003538_6618608263524610756_n.jpg ,https:\/\/mrrp.church\/wp-content\/uploads\/2026\/01\/474595398_1679185633003538_6618608263524610756_n.jpg 780w, https:\/\/mrrp.church\/wp-content\/uploads\/2026\/01\/474595398_1679185633003538_6618608263524610756_n.jpg 360w\" sizes=\"auto, (max-width: 480px) 150px\" src=\"https:\/\/mrrp.church\/wp-content\/uploads\/2026\/01\/474595398_1679185633003538_6618608263524610756_n.jpg\" alt=\"474595398 1679185633003538 6618608263524610756 N\" class=\"uag-image-2265\" width=\"282\" height=\"370\" title=\"Biographie\" loading=\"lazy\" role=\"presentation\"><\/figure><\/div>\n\n\n\n<div class=\"wp-block-uagb-image alignleft uagb-block-dqccqgkt wp-block-uagb-image--layout-default wp-block-uagb-image--effect-zoomin wp-block-uagb-image--align-left\"><figure class=\"wp-block-uagb-image__figure\"><img decoding=\"async\" srcset=\"https:\/\/mrrp.church\/wp-content\/uploads\/2026\/01\/469220175_1643846249870810_2927780022317295003_n-1.jpg ,https:\/\/mrrp.church\/wp-content\/uploads\/2026\/01\/469220175_1643846249870810_2927780022317295003_n-1.jpg 780w, https:\/\/mrrp.church\/wp-content\/uploads\/2026\/01\/469220175_1643846249870810_2927780022317295003_n-1.jpg 360w\" sizes=\"auto, (max-width: 480px) 150px\" src=\"https:\/\/mrrp.church\/wp-content\/uploads\/2026\/01\/469220175_1643846249870810_2927780022317295003_n-1.jpg\" alt=\"469220175 1643846249870810 2927780022317295003 N 1\" class=\"uag-image-2266\" width=\"282\" height=\"420\" title=\"Biographie\" loading=\"lazy\" role=\"presentation\"><\/figure><\/div>\n\n\n\n<div class=\"wp-block-uagb-image alignleft uagb-block-vuwmswgo wp-block-uagb-image--layout-default wp-block-uagb-image--effect-zoomin wp-block-uagb-image--align-left\"><figure class=\"wp-block-uagb-image__figure\"><img decoding=\"async\" srcset=\"https:\/\/mrrp.church\/wp-content\/uploads\/2026\/01\/472749262_1668236707431764_7918026864417164787_n-683x1024.jpg ,https:\/\/mrrp.church\/wp-content\/uploads\/2026\/01\/472749262_1668236707431764_7918026864417164787_n.jpg 780w, https:\/\/mrrp.church\/wp-content\/uploads\/2026\/01\/472749262_1668236707431764_7918026864417164787_n.jpg 360w\" sizes=\"auto, (max-width: 480px) 150px\" src=\"https:\/\/mrrp.church\/wp-content\/uploads\/2026\/01\/472749262_1668236707431764_7918026864417164787_n-683x1024.jpg\" alt=\"472749262 1668236707431764 7918026864417164787 N 683x1024\" class=\"uag-image-2264\" width=\"282\" height=\"370\" title=\"Biographie\" loading=\"lazy\" role=\"presentation\"><\/figure><\/div>\n\n\n\n<div class=\"wp-block-uagb-image alignleft uagb-block-ha1vf7jo wp-block-uagb-image--layout-default wp-block-uagb-image--effect-zoomin wp-block-uagb-image--align-left\"><figure class=\"wp-block-uagb-image__figure\"><img decoding=\"async\" srcset=\"https:\/\/mrrp.church\/wp-content\/uploads\/2025\/09\/487092182_635706059075537_5023498442640807344_n11-2.png ,https:\/\/mrrp.church\/wp-content\/uploads\/2025\/09\/487092182_635706059075537_5023498442640807344_n11-2.png 780w, https:\/\/mrrp.church\/wp-content\/uploads\/2025\/09\/487092182_635706059075537_5023498442640807344_n11-2.png 360w\" sizes=\"auto, (max-width: 480px) 150px\" src=\"https:\/\/mrrp.church\/wp-content\/uploads\/2025\/09\/487092182_635706059075537_5023498442640807344_n11-2.png\" alt=\"487092182 635706059075537 5023498442640807344 N11 2\" class=\"uag-image-1614\" width=\"282\" height=\"420\" title=\"Biographie\" loading=\"lazy\" role=\"presentation\"><\/figure><\/div>\n<\/div>\n\n\n\n<h3 class=\"wp-block-heading\">Un homme mort \u00e0 lui m\u00eame !<\/h3>\n\n\n\n<p style=\"border-style:none;border-width:0px\">Le Pasteur BARBOZA est un serviteur de Dieu appel\u00e9, consacr\u00e9 et \u00e9tabli pour une \u0153uvre de r\u00e9veil, de restauration et de retour profond aux fondements de la Parole de Dieu. Instrument choisi par le Seigneur, il est le porteur de vision du <strong>Ministry of Revival Back to the Word<\/strong>, une vision proph\u00e9tique n\u00e9e dans la pri\u00e8re, l\u2019ob\u00e9issance et la r\u00e9v\u00e9lation divine.<\/p>\n\n\n\n<p>Depuis plus de <strong>vingt (20) ann\u00e9es<\/strong>, le Pasteur BARBOZA se consacre sans rel\u00e2che \u00e0 <strong>l\u2019annonce contante de l\u2019\u00c9vangile de J\u00e9sus-Christ<\/strong>, \u00e0 l\u2019<strong>intercession strat\u00e9gique<\/strong> et \u00e0 la <strong>formation spirituelle des croyants<\/strong>. Son minist\u00e8re est marqu\u00e9 par une passion profonde pour la v\u00e9rit\u00e9 biblique, la saintet\u00e9, la transformation des vies et l\u2019\u00e9dification d\u2019une \u00c9glise forte, enracin\u00e9e dans la Parole de Dieu et conduite par le Saint Esprit .<\/p>\n\n\n\n<p>Homme de pri\u00e8re, d\u2019int\u00e9grit\u00e9 et de discipline spirituelle, le Pasteur Philippe BARBOZA est reconnu pour son engagement total dans l\u2019\u0153uvre de Dieu. Au travers des enseignements, des pr\u00e9dications, des campagnes d\u2019\u00e9vang\u00e9lisation, des temps de pri\u00e8re et de je\u00fbne, des s\u00e9minaires et des formations bibliques, il a contribu\u00e9 \u00e0 la restauration de nombreuses vies, \u00e0 l\u2019affermissement de milliers de croyants et \u00e0 la naissance de vocations minist\u00e9rielles.<\/p>\n\n\n\n<p>Son minist\u00e8re est \u00e9galement caract\u00e9ris\u00e9 par une forte dimension d\u2019<strong>intercession pour les familles, les nations, la jeunesse et l\u2019\u00c9glise contemporaine<\/strong>, ainsi que par un combat constant pour le retour aux valeurs bibliques authentiques dans un monde en perte de rep\u00e8res spirituels.<\/p>\n\n\n\n<p>Mari\u00e9 \u00e0 Favour Gis\u00e8le BARBOZA, ils sont b\u00e9nis de <strong>quatre (04) merveilleux enfants<\/strong>, le Pasteur BARBOZA incarne, avec son \u00e9pouse, un <strong>mod\u00e8le vivant de foi, de pers\u00e9v\u00e9rance, de fid\u00e9lit\u00e9 et d\u2019int\u00e9grit\u00e9<\/strong>. Leur foyer pastoral est un t\u00e9moignage vivant de l\u2019\u00e9quilibre entre la vie spirituelle, le minist\u00e8re et la vie familiale, et une source d\u2019inspiration pour de nombreux couples et familles dont ils sont des conseillers.<\/p>\n\n\n\n<p>\u00c0 travers le <strong>Ministry of Revival Back to the Word<\/strong>, il travaille avec foi et d\u00e9vouement \u00e0 l\u2019accomplissement de la grande Commission confi\u00e9e par le Seigneur : faire des nations des disciples, restaurer l\u2019autel de la pri\u00e8re et de la v\u00e9ritable adoration, r\u00e9tablir l\u2019autorit\u00e9 de la Parole et pr\u00e9parer un peuple pr\u00eat pour le retour de Christ.<\/p>\n<\/div><\/div>\n\n\n\n<div class=\"wp-block-uagb-container uagb-block-5oux2zo5 alignfull uagb-is-root-container\"><div class=\"uagb-container-inner-blocks-wrap\">\n<div class=\"wp-block-uagb-info-box uagb-block-bqfcs09p uagb-infobox__content-wrap  uagb-infobox-icon-above-title uagb-infobox-image-valign-top\"><div class=\"uagb-ifb-content\"><div class=\"uagb-ifb-title-wrap\"><h2 class=\"uagb-ifb-title\">Une vie de fort impact spirituel par la puissance du Saint Esprit<\/h2><\/div><\/div><\/div>\n\n\n\n<div class=\"wp-block-uagb-buttons uagb-buttons__outer-wrap uagb-btn__default-btn uagb-btn-tablet__default-btn uagb-btn-mobile__default-btn uagb-block-khyhnld1\"><div class=\"uagb-buttons__wrap uagb-buttons-layout-wrap\">\n<div class=\"wp-block-uagb-buttons-child uagb-buttons__outer-wrap uagb-block-igzujqab wp-block-button\"><div class=\"uagb-button__wrapper\"><a class=\"uagb-buttons-repeater wp-block-button__link\" aria-label=\"\" href=\"https:\/\/mrrp.church\/en\/contact\/\" rel=\"follow noopener\" target=\"_self\" role=\"button\"><div class=\"uagb-button__link\">Le contacter<\/div><\/a><\/div><\/div>\n<\/div><\/div>\n<\/div><\/div>\n\n\n\n<div class=\"wp-block-uagb-container uagb-block-sykxr8nv alignfull uagb-is-root-container\"><div class=\"uagb-container-inner-blocks-wrap\">\n<div class=\"wp-block-uagb-container uagb-block-elnp6p5c\">\n<div class=\"wp-block-uagb-info-box uagb-block-psbsvw3q uagb-infobox__content-wrap  uagb-infobox-icon-left uagb-infobox-left uagb-infobox-image-valign-top\"><div class=\"uagb-ifb-icon-wrap\"><div class=\"uagb-iconbox-icon-wrap uagb-infobox-shape-circle\"><svg xmlns=\"https:\/\/www.w3.org\/2000\/svg\" viewbox=\"0 0 448 512\"><path d=\"M438.6 105.4C451.1 117.9 451.1 138.1 438.6 150.6L182.6 406.6C170.1 419.1 149.9 419.1 137.4 406.6L9.372 278.6C-3.124 266.1-3.124 245.9 9.372 233.4C21.87 220.9 42.13 220.9 54.63 233.4L159.1 338.7L393.4 105.4C405.9 92.88 426.1 92.88 438.6 105.4H438.6z\"><\/path><\/svg><\/div><\/div><div class=\"uagb-ifb-content\"><div class=\"uagb-ifb-title-wrap\"><h3 class=\"uagb-ifb-title\">20+<\/h3><\/div><p class=\"uagb-ifb-desc\">Ann\u00e9e de Minist\u00e8re<\/p><\/div><\/div>\n\n\n\n<div class=\"wp-block-uagb-info-box uagb-block-gv7xs4i7 uagb-infobox__content-wrap  uagb-infobox-icon-left uagb-infobox-left uagb-infobox-image-valign-top\"><div class=\"uagb-ifb-icon-wrap\"><div class=\"uagb-iconbox-icon-wrap uagb-infobox-shape-circle\"><svg xmlns=\"https:\/\/www.w3.org\/2000\/svg\" viewbox=\"0 0 448 512\"><path d=\"M438.6 105.4C451.1 117.9 451.1 138.1 438.6 150.6L182.6 406.6C170.1 419.1 149.9 419.1 137.4 406.6L9.372 278.6C-3.124 266.1-3.124 245.9 9.372 233.4C21.87 220.9 42.13 220.9 54.63 233.4L159.1 338.7L393.4 105.4C405.9 92.88 426.1 92.88 438.6 105.4H438.6z\"><\/path><\/svg><\/div><\/div><div class=\"uagb-ifb-content\"><div class=\"uagb-ifb-title-wrap\"><h3 class=\"uagb-ifb-title\">08+<\/h3><\/div><p class=\"uagb-ifb-desc\">Programmes dans le monde<\/p><\/div><\/div>\n\n\n\n<div class=\"wp-block-uagb-info-box uagb-block-novqsxkh uagb-infobox__content-wrap  uagb-infobox-icon-left uagb-infobox-left uagb-infobox-image-valign-top\"><div class=\"uagb-ifb-icon-wrap\"><div class=\"uagb-iconbox-icon-wrap uagb-infobox-shape-circle\"><svg xmlns=\"https:\/\/www.w3.org\/2000\/svg\" viewbox=\"0 0 448 512\"><path d=\"M438.6 105.4C451.1 117.9 451.1 138.1 438.6 150.6L182.6 406.6C170.1 419.1 149.9 419.1 137.4 406.6L9.372 278.6C-3.124 266.1-3.124 245.9 9.372 233.4C21.87 220.9 42.13 220.9 54.63 233.4L159.1 338.7L393.4 105.4C405.9 92.88 426.1 92.88 438.6 105.4H438.6z\"><\/path><\/svg><\/div><\/div><div class=\"uagb-ifb-content\"><div class=\"uagb-ifb-title-wrap\"><h3 class=\"uagb-ifb-title\">10+<\/h3><\/div><p class=\"uagb-ifb-desc\">Pays parcourus <\/p><\/div><\/div>\n\n\n\n<div class=\"wp-block-uagb-info-box uagb-block-pklgaldg uagb-infobox__content-wrap  uagb-infobox-icon-left uagb-infobox-left uagb-infobox-image-valign-top\"><div class=\"uagb-ifb-icon-wrap\"><div class=\"uagb-iconbox-icon-wrap uagb-infobox-shape-circle\"><svg xmlns=\"https:\/\/www.w3.org\/2000\/svg\" viewbox=\"0 0 448 512\"><path d=\"M438.6 105.4C451.1 117.9 451.1 138.1 438.6 150.6L182.6 406.6C170.1 419.1 149.9 419.1 137.4 406.6L9.372 278.6C-3.124 266.1-3.124 245.9 9.372 233.4C21.87 220.9 42.13 220.9 54.63 233.4L159.1 338.7L393.4 105.4C405.9 92.88 426.1 92.88 438.6 105.4H438.6z\"><\/path><\/svg><\/div><\/div><div class=\"uagb-ifb-content\"><div class=\"uagb-ifb-title-wrap\"><h3 class=\"uagb-ifb-title\">50+<\/h3><\/div><p class=\"uagb-ifb-desc\">Jeunes form\u00e9s pour le Minist\u00e8re<\/p><\/div><\/div>\n<\/div>\n<\/div><\/div>\n\n\n\n<div class=\"wp-block-uagb-container uagb-block-djcdvfwd alignfull uagb-is-root-container\"><div class=\"uagb-container-inner-blocks-wrap\">\n<div class=\"wp-block-uagb-info-box uagb-block-xemmqigd uagb-infobox__content-wrap  uagb-infobox-icon-above-title uagb-infobox-image-valign-top\"><div class=\"uagb-ifb-content\"><div class=\"uagb-ifb-title-wrap\"><p class=\"uagb-ifb-title-prefix\">Mots des fidels<\/p><h2 class=\"uagb-ifb-title\">TEMOIGNAGES<\/h2><\/div><p class=\"uagb-ifb-desc\">Ce que Dieu a fait au travers d&rsquo;une vie par sa gr\u00e2ce<\/p><\/div><\/div>\n\n\n\n<div class=\"wp-block-uagb-container uagb-block-arnrbnbd\">\n<div class=\"wp-block-uagb-container uagb-block-x2toasmc\">\n<div class=\"wp-block-uagb-star-rating uagb-block-ipb7yrc4\"><div class=\"uag-star-rating\" title=\"5\/5\"><span class=\"uag-star\">\u2605<\/span><span class=\"uag-star\">\u2605<\/span><span class=\"uag-star\">\u2605<\/span><span class=\"uag-star\">\u2605<\/span><span class=\"uag-star\">\u2605<\/span><\/div><\/div>\n\n\n\n<div class=\"wp-block-uagb-info-box uagb-block-pvizfdzd uagb-infobox__content-wrap  uagb-infobox-icon-above-title uagb-infobox-image-valign-top\"><div class=\"uagb-ifb-content\"><div class=\"uagb-ifb-title-wrap\"><\/div><p class=\"uagb-ifb-desc\">Homme de Dieu exceptionnel ! Je rend gr\u00e2ce \u00e0 Dieu pour la vie du Pst Roguy. Depuis le jour o\u00f9 j&rsquo;ai foul\u00e9 son Eglise, j&rsquo;ai fini avec ma mauvaise vie. Ma vie n&rsquo;a plus jamais \u00e9t\u00e9 la m\u00eame ! Gloire \u00e0 Dieu.<\/p><\/div><\/div>\n\n\n\n<div class=\"wp-block-uagb-info-box uagb-block-meafiszn uagb-infobox__content-wrap  uagb-infobox-icon-above-title uagb-infobox-image-valign-top\"><div class=\"uagb-ifb-content\"><div class=\"uagb-ifb-image-content\"><img decoding=\"async\" src=\"https:\/\/mrrp.church\/wp-content\/uploads\/2026\/01\/597542952_879653941590556_1931304887236378314_n-150x150.jpg\" alt=\"Koffi Olivier HOUNKPE Ministere de reveil retour a la parole temoignage photo\" width=\"60\" height=\"60\" loading=\"lazy\" title=\"Biographie\"><\/div><div class=\"uagb-ifb-title-wrap\"><p class=\"uagb-ifb-title\">OLIVIER HOUNKPE<\/p><\/div><\/div><\/div>\n<\/div>\n\n\n\n<div class=\"wp-block-uagb-container uagb-block-s8fw38i1\">\n<div class=\"wp-block-uagb-star-rating uagb-block-qpr4zy3u\"><div class=\"uag-star-rating\" title=\"5\/5\"><span class=\"uag-star\">\u2605<\/span><span class=\"uag-star\">\u2605<\/span><span class=\"uag-star\">\u2605<\/span><span class=\"uag-star\">\u2605<\/span><span class=\"uag-star\">\u2605<\/span><\/div><\/div>\n\n\n\n<div class=\"wp-block-uagb-info-box uagb-block-2vbhuwnr uagb-infobox__content-wrap  uagb-infobox-icon-above-title uagb-infobox-image-valign-top\"><div class=\"uagb-ifb-content\"><div class=\"uagb-ifb-title-wrap\"><\/div><\/div><\/div>\n\n\n\n<div class=\"wp-block-uagb-info-box uagb-block-4xfg3cub uagb-infobox__content-wrap  uagb-infobox-icon-above-title uagb-infobox-image-valign-top\"><div class=\"uagb-ifb-content\"><div class=\"uagb-ifb-image-content\"><img decoding=\"async\" src=\"https:\/\/mrrp.church\/wp-content\/uploads\/2025\/09\/Logo-MRRP-150x150.png\" alt=\"logo mrrp\" width=\"60\" height=\"60\" loading=\"lazy\" title=\"Biographie\"><\/div><div class=\"uagb-ifb-title-wrap\"><p class=\"uagb-ifb-title\">&#8230;<\/p><\/div><\/div><\/div>\n<\/div>\n\n\n\n<div class=\"wp-block-uagb-container uagb-block-vheqhoc5\">\n<div class=\"wp-block-uagb-star-rating uagb-block-ptkj7jto\"><div class=\"uag-star-rating\" title=\"5\/5\"><span class=\"uag-star\">\u2605<\/span><span class=\"uag-star\">\u2605<\/span><span class=\"uag-star\">\u2605<\/span><span class=\"uag-star\">\u2605<\/span><span class=\"uag-star\">\u2605<\/span><\/div><\/div>\n\n\n\n<div class=\"wp-block-uagb-info-box uagb-block-ne3erv6f uagb-infobox__content-wrap  uagb-infobox-icon-above-title uagb-infobox-image-valign-top\"><div class=\"uagb-ifb-content\"><div class=\"uagb-ifb-title-wrap\"><\/div><\/div><\/div>\n\n\n\n<div class=\"wp-block-uagb-info-box uagb-block-wltknjtn uagb-infobox__content-wrap  uagb-infobox-icon-above-title uagb-infobox-image-valign-top\"><div class=\"uagb-ifb-content\"><div class=\"uagb-ifb-image-content\"><img decoding=\"async\" src=\"https:\/\/mrrp.church\/wp-content\/uploads\/2025\/09\/Logo-MRRP-150x150.png\" alt=\"logo mrrp\" width=\"60\" height=\"60\" loading=\"lazy\" title=\"Biographie\"><\/div><div class=\"uagb-ifb-title-wrap\"><p class=\"uagb-ifb-title\">&#8230;<\/p><\/div><\/div><\/div>\n<\/div>\n<\/div>\n<\/div><\/div>","protected":false},"excerpt":{"rendered":"<p>Un homme mort \u00e0 lui m\u00eame ! Le Pasteur BARBOZA est un serviteur de Dieu appel\u00e9, consacr\u00e9 et \u00e9tabli pour une \u0153uvre de r\u00e9veil, de restauration et de retour profond aux fondements de la Parole de Dieu. Instrument choisi par le Seigneur, il est le porteur de vision du Minist\u00e8re de R\u00e9veil Retour \u00e0 la [&hellip;]<\/p>\n","protected":false},"author":1,"featured_media":2264,"parent":0,"menu_order":0,"comment_status":"closed","ping_status":"closed","template":"","meta":{"_uag_custom_page_level_css":"","site-sidebar-layout":"default","site-content-layout":"","ast-site-content-layout":"default","site-content-style":"default","site-sidebar-style":"default","ast-global-header-display":"","ast-banner-title-visibility":"","ast-main-header-display":"","ast-hfb-above-header-display":"","ast-hfb-below-header-display":"","ast-hfb-mobile-header-display":"","site-post-title":"disabled","ast-breadcrumbs-content":"","ast-featured-img":"","footer-sml-layout":"","ast-disable-related-posts":"","theme-transparent-header-meta":"","adv-header-id-meta":"","stick-header-meta":"","header-above-stick-meta":"","header-main-stick-meta":"","header-below-stick-meta":"","astra-migrate-meta-layouts":"set","ast-page-background-enabled":"default","ast-page-background-meta":{"desktop":{"background-color":"","background-image":"","background-repeat":"repeat","background-position":"center center","background-size":"auto","background-attachment":"scroll","background-type":"","background-media":"","overlay-type":"","overlay-color":"","overlay-opacity":"","overlay-gradient":""},"tablet":{"background-color":"","background-image":"","background-repeat":"repeat","background-position":"center center","background-size":"auto","background-attachment":"scroll","background-type":"","background-media":"","overlay-type":"","overlay-color":"","overlay-opacity":"","overlay-gradient":""},"mobile":{"background-color":"","background-image":"","background-repeat":"repeat","background-position":"center center","background-size":"auto","background-attachment":"scroll","background-type":"","background-media":"","overlay-type":"","overlay-color":"","overlay-opacity":"","overlay-gradient":""}},"ast-content-background-meta":{"desktop":{"background-color":"var(--ast-global-color-5)","background-image":"","background-repeat":"repeat","background-position":"center center","background-size":"auto","background-attachment":"scroll","background-type":"","background-media":"","overlay-type":"","overlay-color":"","overlay-opacity":"","overlay-gradient":""},"tablet":{"background-color":"var(--ast-global-color-5)","background-image":"","background-repeat":"repeat","background-position":"center center","background-size":"auto","background-attachment":"scroll","background-type":"","background-media":"","overlay-type":"","overlay-color":"","overlay-opacity":"","overlay-gradient":""},"mobile":{"background-color":"var(--ast-global-color-5)","background-image":"","background-repeat":"repeat","background-position":"center center","background-size":"auto","background-attachment":"scroll","background-type":"","background-media":"","overlay-type":"","overlay-color":"","overlay-opacity":"","overlay-gradient":""}},"footnotes":""},"class_list":["post-2258","page","type-page","status-publish","has-post-thumbnail","hentry"],"_hostinger_reach_plugin_has_subscription_block":false,"_hostinger_reach_plugin_is_elementor":false,"uagb_featured_image_src":{"full":["https:\/\/mrrp.church\/wp-content\/uploads\/2026\/01\/472749262_1668236707431764_7918026864417164787_n.jpg",720,1080,false],"thumbnail":["https:\/\/mrrp.church\/wp-content\/uploads\/2026\/01\/472749262_1668236707431764_7918026864417164787_n-150x150.jpg",150,150,true],"medium":["https:\/\/mrrp.church\/wp-content\/uploads\/2026\/01\/472749262_1668236707431764_7918026864417164787_n-200x300.jpg",200,300,true],"medium_large":["https:\/\/mrrp.church\/wp-content\/uploads\/2026\/01\/472749262_1668236707431764_7918026864417164787_n.jpg",720,1080,false],"large":["https:\/\/mrrp.church\/wp-content\/uploads\/2026\/01\/472749262_1668236707431764_7918026864417164787_n-683x1024.jpg",683,1024,true],"1536x1536":["https:\/\/mrrp.church\/wp-content\/uploads\/2026\/01\/472749262_1668236707431764_7918026864417164787_n.jpg",720,1080,false],"2048x2048":["https:\/\/mrrp.church\/wp-content\/uploads\/2026\/01\/472749262_1668236707431764_7918026864417164787_n.jpg",720,1080,false],"trp-custom-language-flag":["https:\/\/mrrp.church\/wp-content\/uploads\/2026\/01\/472749262_1668236707431764_7918026864417164787_n.jpg",8,12,false]},"uagb_author_info":{"display_name":"koffoliv@gmail.com","author_link":"https:\/\/mrrp.church\/en\/author\/koffolivgmail-com\/"},"uagb_comment_info":0,"uagb_excerpt":"Un homme mort \u00e0 lui m\u00eame ! Le Pasteur BARBOZA est un serviteur de Dieu appel\u00e9, consacr\u00e9 et \u00e9tabli pour une \u0153uvre de r\u00e9veil, de restauration et de retour profond aux fondements de la Parole de Dieu. Instrument choisi par le Seigneur, il est le porteur de vision du Minist\u00e8re de R\u00e9veil Retour \u00e0 la&hellip;","_links":{"self":[{"href":"https:\/\/mrrp.church\/en\/wp-json\/wp\/v2\/pages\/2258","targetHints":{"allow":["GET"]}}],"collection":[{"href":"https:\/\/mrrp.church\/en\/wp-json\/wp\/v2\/pages"}],"about":[{"href":"https:\/\/mrrp.church\/en\/wp-json\/wp\/v2\/types\/page"}],"author":[{"embeddable":true,"href":"https:\/\/mrrp.church\/en\/wp-json\/wp\/v2\/users\/1"}],"replies":[{"embeddable":true,"href":"https:\/\/mrrp.church\/en\/wp-json\/wp\/v2\/comments?post=2258"}],"version-history":[{"count":14,"href":"https:\/\/mrrp.church\/en\/wp-json\/wp\/v2\/pages\/2258\/revisions"}],"predecessor-version":[{"id":2528,"href":"https:\/\/mrrp.church\/en\/wp-json\/wp\/v2\/pages\/2258\/revisions\/2528"}],"wp:featuredmedia":[{"embeddable":true,"href":"https:\/\/mrrp.church\/en\/wp-json\/wp\/v2\/media\/2264"}],"wp:attachment":[{"href":"https:\/\/mrrp.church\/en\/wp-json\/wp\/v2\/media?parent=2258"}],"curies":[{"name":"wp","href":"https:\/\/api.w.org\/{rel}","templated":true}]}}