{"id":2169,"date":"2025-10-13T05:00:11","date_gmt":"2025-10-13T05:00:11","guid":{"rendered":"https:\/\/mrrp.church\/?page_id=2169"},"modified":"2026-01-05T09:13:15","modified_gmt":"2026-01-05T09:13:15","slug":"adoration","status":"publish","type":"page","link":"https:\/\/mrrp.church\/en\/adoration\/","title":{"rendered":"Adoration"},"content":{"rendered":"<div class=\"wp-block-uagb-container uagb-block-t6hivkse alignfull uagb-is-root-container\"><div class=\"uagb-container-inner-blocks-wrap\">\n<div class=\"wp-block-uagb-container uagb-block-kkjvmqfb\">\n<div class=\"wp-block-uagb-info-box uagb-block-cgpvybq0 uagb-infobox__content-wrap  uagb-infobox-icon-above-title uagb-infobox-image-valign-top\"><div class=\"uagb-ifb-content\"><div class=\"uagb-ifb-title-wrap\"><h2 class=\"uagb-ifb-title\">Nos Programmes d\u2019Adoration et d\u2019Intercession<\/h2><\/div><\/div><\/div>\n<\/div>\n<\/div><\/div>\n\n\n\n<div class=\"wp-block-uagb-container uagb-block-ec5uihpo alignfull uagb-is-root-container\"><div class=\"uagb-container-inner-blocks-wrap\">\n<div class=\"wp-block-uagb-container uagb-block-owmj4nz8\">\n<div class=\"wp-block-uagb-image alignleft uagb-block-y3dqecv9 wp-block-uagb-image--layout-default wp-block-uagb-image--effect-static wp-block-uagb-image--align-left\"><figure class=\"wp-block-uagb-image__figure\"><img decoding=\"async\" srcset=\"https:\/\/mrrp.church\/wp-content\/uploads\/2025\/09\/487092182_635706059075537_5023498442640807344_n11-2.png ,https:\/\/mrrp.church\/wp-content\/uploads\/2025\/09\/487092182_635706059075537_5023498442640807344_n11-2.png 780w, https:\/\/mrrp.church\/wp-content\/uploads\/2025\/09\/487092182_635706059075537_5023498442640807344_n11-2.png 360w\" sizes=\"auto, (max-width: 480px) 150px\" src=\"https:\/\/mrrp.church\/wp-content\/uploads\/2025\/09\/487092182_635706059075537_5023498442640807344_n11-2.png\" alt=\"Photo Pasteur Philip Roguy BARBOZA\" class=\"uag-image-1614\" width=\"417\" height=\"400\" title=\"487092182_635706059075537_5023498442640807344_n(1)(1)\" loading=\"lazy\" role=\"img\"\/><\/figure><\/div>\n\n\n\n<div class=\"wp-block-uagb-info-box uagb-block-bgwnukxw uagb-infobox__content-wrap  uagb-infobox-icon-above-title uagb-infobox-image-valign-top\"><div class=\"uagb-ifb-content\"><div class=\"uagb-ifb-title-wrap\"><\/div><p class=\"uagb-ifb-desc\">Au c\u0153ur du Minist\u00e8re de R\u00e9veil Retour \u00e0 la Parole se trouve une conviction profonde :<br>Dieu recherche, aujourd\u2019hui encore, des adorateurs et des intercesseurs v\u00e9ritables, capables de se tenir dans Sa pr\u00e9sence pour L\u2019adorer en esprit et en v\u00e9rit\u00e9, et pour se tenir \u00e0 la br\u00e8che en faveur de l\u2019\u00c9glise et des nations. C\u2019est dans cette vision biblique, inspir\u00e9e notamment de <strong>John 4:23.<\/strong> et <strong>\u00c9z\u00e9chiel 22:30<\/strong>, que le minist\u00e8re a mis en place des programmes puissants d\u2019adoration et d\u2019intercession, devenus au fil des ann\u00e9es de v\u00e9ritables rendez-vous spirituels pour des milliers de croyants.<br><\/p><\/div><\/div>\n<\/div>\n\n\n\n<div class=\"wp-block-uagb-container uagb-block-kkdpqk44\">\n<div class=\"wp-block-uagb-info-box uagb-block-lcqrvssp uagb-infobox__content-wrap  uagb-infobox-icon-above-title uagb-infobox-image-valign-top\"><div class=\"uagb-ifb-content\"><div class=\"uagb-ifb-title-wrap\"><h3 class=\"uagb-ifb-title\">10 Heures dans Sa Pr\u00e9sence : Une vision divine<\/h3><\/div><p class=\"uagb-ifb-desc\">10 Heures dans Sa Pr\u00e9sence : Une vision divine<br>Le programme <strong>\u00ab 10 Heures dans Sa Pr\u00e9sence \u00bb<\/strong> est l\u2019expression majeure de cette vision.<br>Institu\u00e9 en r\u00e9ponse \u00e0 l\u2019appel de Dieu \u00e0 restaurer la v\u00e9ritable adoration et l\u2019intercession dans l\u2019\u00c9glise contemporaine, ce rassemblement vise \u00e0 r\u00e9unir le peuple de Dieu dans la pr\u00e9sence du Roi des rois pour un temps prolong\u00e9 d\u2019adoration, de pri\u00e8re et d\u2019intercession.<\/p><\/div><\/div>\n\n\n\n<div class=\"wp-block-uagb-image alignleft uagb-block-l7g1ebsx wp-block-uagb-image--layout-default wp-block-uagb-image--effect-static wp-block-uagb-image--align-left\"><figure class=\"wp-block-uagb-image__figure\"><img decoding=\"async\" srcset=\"https:\/\/mrrp.church\/wp-content\/uploads\/2025\/09\/476272793_599316942714449_3586716511848700946_n11.png ,https:\/\/mrrp.church\/wp-content\/uploads\/2025\/09\/476272793_599316942714449_3586716511848700946_n11.png 780w, https:\/\/mrrp.church\/wp-content\/uploads\/2025\/09\/476272793_599316942714449_3586716511848700946_n11.png 360w\" sizes=\"auto, (max-width: 480px) 150px\" src=\"https:\/\/mrrp.church\/wp-content\/uploads\/2025\/09\/476272793_599316942714449_3586716511848700946_n11.png\" alt=\"Dix heures dans sa pr\u00e9sence MRRP BENIN\" class=\"uag-image-1591\" width=\"453\" height=\"400\" title=\"Dix heures dans sa pr\u00e9sence MRRP BENIN\" loading=\"lazy\" role=\"img\"\/><\/figure><\/div>\n<\/div>\n\n\n\n<p>Au-del\u00e0 d\u2019un simple \u00e9v\u00e9nement, <strong>10 Heures dans Sa Pr\u00e9sence<\/strong> est une exp\u00e9rience spirituelle profonde, destin\u00e9e \u00e0 :  raviver la flamme de l\u2019adoration authentique, recentrer l\u2019\u00c9glise sur la pr\u00e9sence de Dieu, porter dans la pri\u00e8re le fardeau de l\u2019\u00c9glise, des familles et des nations. Le programme se tient chaque ann\u00e9e le <strong>jeudi de l\u2019Ascension<\/strong>, un jour symbolique o\u00f9 l\u2019\u00c9glise c\u00e9l\u00e8bre l\u2019\u00e9l\u00e9vation et la glorification de J\u00e9sus-Christ.<br>Dans un monde en perp\u00e9tuelle agitation, ce jour devient un temps mis \u00e0 part pour faire une pause spirituelle, \u00e9lever le nom de J\u00e9sus et s\u2019aligner avec les r\u00e9alit\u00e9s c\u00e9lestes. Depuis sa premi\u00e8re \u00e9dition en 2016, <strong>10 Heures dans Sa Pr\u00e9sence<\/strong> n\u2019a cess\u00e9 de cro\u00eetre, tant en influence qu\u2019en participation.<br>De salles de conf\u00e9rences aux grands stades, des milliers d\u2019adorateurs et d\u2019intercesseurs r\u00e9pondent chaque ann\u00e9e \u00e0 l\u2019appel de se tenir dans la pr\u00e9sence de Dieu. Aujourd\u2019hui, ce rassemblement annuel r\u00e9unit environ <strong>5 000 participants<\/strong>, venus de divers horizons, anim\u00e9s par une m\u00eame soif : rencontrer Dieu et interc\u00e9der pour leur g\u00e9n\u00e9ration. Bien que centr\u00e9 sur la journ\u00e9e principale des <strong>10 Heures<\/strong>, le programme s\u2019inscrit dans une dynamique spirituelle plus large :<\/p>\n\n\n\n<ul style=\"border-style:none;border-width:0px;margin-top:0;margin-right:0;margin-bottom:0;margin-left:0\" class=\"wp-block-list\">\n<li><strong>Une conf\u00e9rence pr\u00e9paratoire<\/strong> organis\u00e9e les jours pr\u00e9c\u00e9dents, destin\u00e9e \u00e0 former, enseigner et \u00e9quiper les adorateurs et intercesseurs.<\/li>\n\n\n\n<li><strong>La Nuit des Intercesseurs<\/strong>, organis\u00e9e apr\u00e8s la journ\u00e9e d\u2019adoration, qui rassemble, du soir au matin, des hommes et des femmes appel\u00e9s \u00e0 porter devant Dieu le fardeau de l\u2019\u00c9glise et des nations.<\/li>\n\n\n\n<li>Ces temps forts permettent une immersion totale dans la pri\u00e8re, la louange et l\u2019intercession.<\/li>\n<\/ul>\n\n\n\n<div class=\"wp-block-uagb-container uagb-block-q58k83tk\">\n<div class=\"wp-block-uagb-image alignleft uagb-block-kw5wnivd wp-block-uagb-image--layout-default wp-block-uagb-image--effect-static wp-block-uagb-image--align-left\"><figure class=\"wp-block-uagb-image__figure\"><img decoding=\"async\" srcset=\"https:\/\/mrrp.church\/wp-content\/uploads\/2025\/09\/IMG-20250904-WA0097-1-1024x683.jpg ,https:\/\/mrrp.church\/wp-content\/uploads\/2025\/09\/IMG-20250904-WA0097-1.jpg 780w, https:\/\/mrrp.church\/wp-content\/uploads\/2025\/09\/IMG-20250904-WA0097-1.jpg 360w\" sizes=\"auto, (max-width: 480px) 150px\" src=\"https:\/\/mrrp.church\/wp-content\/uploads\/2025\/09\/IMG-20250904-WA0097-1-1024x683.jpg\" alt=\"Dix heures dans sa pr\u00e9sence MRRP Congo Ghana USA Cote d'Ivoir\" class=\"uag-image-1801\" width=\"415\" height=\"400\" title=\"Dix heures dans sa pr\u00e9sence MRRP Congo Ghana USA Cote d'Ivoir\" loading=\"lazy\" role=\"img\"\/><\/figure><\/div>\n\n\n\n<div class=\"wp-block-uagb-info-box uagb-block-gaf88ysa uagb-infobox__content-wrap  uagb-infobox-icon-above-title uagb-infobox-image-valign-top\"><div class=\"uagb-ifb-content\"><div class=\"uagb-ifb-title-wrap\"><h3 class=\"uagb-ifb-title\">Une vision qui s\u2019\u00e9tend vers les nations<\/h3><\/div><p class=\"uagb-ifb-desc\">Port\u00e9 par un appel missionnaire fort, le Minist\u00e8re de R\u00e9veil Retour \u00e0 la Parole a vu cette vision d\u00e9passer les fronti\u00e8res nationales.<br>Les <strong>Sublimes Soir\u00e9es de Louange et d\u2019Adoration<\/strong> se sont ainsi d\u00e9ploy\u00e9es dans plusieurs pays d\u2019Afrique de l\u2019Ouest et du Centre, touchant des nations telles que le Togo, la C\u00f4te d\u2019Ivoire, le Ghana, la Guin\u00e9e, le Burkina Faso et le Cameroun. \u00c0 travers ces d\u00e9ploiements, le minist\u00e8re partage le fardeau de Dieu pour une \u00c9glise africaine restaur\u00e9e dans l\u2019adoration et l\u2019intercession.<\/p><\/div><\/div>\n<\/div>\n\n\n\n<div class=\"wp-block-uagb-container uagb-block-42d7caf4\">\n<p>La mise en \u0153uvre de ces programmes repose sur une \u00e9quipe de serviteurs d\u00e9vou\u00e9s, pasteurs, chantres et b\u00e9n\u00e9voles, unis par la m\u00eame vision.<br>Organis\u00e9e autour de plusieurs d\u00e9partements \u2013 intercession, logistique, communication, mobilisation et protocole \u2013 cette \u00e9quipe \u0153uvre souvent dans l\u2019ombre, anim\u00e9e par l\u2019amour de Dieu et le d\u00e9sir de voir Sa gloire se manifester. Les programmes d\u2019adoration et d\u2019intercession du Minist\u00e8re de R\u00e9veil Retour \u00e0 la Parole sont avant tout une invitation :<br>celle de se tenir ensemble dans la pr\u00e9sence de Dieu, pour L\u2019adorer, L\u2019\u00e9couter et interc\u00e9der pour notre temps. Chaque soutien, qu\u2019il soit spirituel, moral ou mat\u00e9riel, contribue \u00e0 l\u2019avancement de cette \u0153uvre, dont l\u2019objectif ultime est la gloire de Dieu et la transformation des vies. <\/p>\n\n\n\n<p><strong>\u00ab Heureux le peuple qui conna\u00eet le cri de joie ; il marche \u00e0 la lumi\u00e8re de Ta face, \u00f4 \u00c9ternel ! \u00bb<\/strong><br>(Psaume 89:16)<\/p>\n<\/div>\n<\/div><\/div>\n\n\n\n<p><\/p>","protected":false},"excerpt":{"rendered":"<p>Au-del\u00e0 d\u2019un simple \u00e9v\u00e9nement, 10 Heures dans Sa Pr\u00e9sence est une exp\u00e9rience spirituelle profonde, destin\u00e9e \u00e0 : raviver la flamme de l\u2019adoration authentique, recentrer l\u2019\u00c9glise sur la pr\u00e9sence de Dieu, porter dans la pri\u00e8re le fardeau de l\u2019\u00c9glise, des familles et des nations. Le programme se tient chaque ann\u00e9e le jeudi de l\u2019Ascension, un jour [&hellip;]<\/p>\n","protected":false},"author":1,"featured_media":0,"parent":0,"menu_order":0,"comment_status":"closed","ping_status":"closed","template":"","meta":{"_uag_custom_page_level_css":"","site-sidebar-layout":"default","site-content-layout":"","ast-site-content-layout":"default","site-content-style":"default","site-sidebar-style":"default","ast-global-header-display":"","ast-banner-title-visibility":"","ast-main-header-display":"","ast-hfb-above-header-display":"","ast-hfb-below-header-display":"","ast-hfb-mobile-header-display":"","site-post-title":"disabled","ast-breadcrumbs-content":"","ast-featured-img":"","footer-sml-layout":"","ast-disable-related-posts":"","theme-transparent-header-meta":"","adv-header-id-meta":"","stick-header-meta":"","header-above-stick-meta":"","header-main-stick-meta":"","header-below-stick-meta":"","astra-migrate-meta-layouts":"set","ast-page-background-enabled":"default","ast-page-background-meta":{"desktop":{"background-color":"","background-image":"","background-repeat":"repeat","background-position":"center center","background-size":"auto","background-attachment":"scroll","background-type":"","background-media":"","overlay-type":"","overlay-color":"","overlay-opacity":"","overlay-gradient":""},"tablet":{"background-color":"","background-image":"","background-repeat":"repeat","background-position":"center center","background-size":"auto","background-attachment":"scroll","background-type":"","background-media":"","overlay-type":"","overlay-color":"","overlay-opacity":"","overlay-gradient":""},"mobile":{"background-color":"","background-image":"","background-repeat":"repeat","background-position":"center center","background-size":"auto","background-attachment":"scroll","background-type":"","background-media":"","overlay-type":"","overlay-color":"","overlay-opacity":"","overlay-gradient":""}},"ast-content-background-meta":{"desktop":{"background-color":"var(--ast-global-color-5)","background-image":"","background-repeat":"repeat","background-position":"center center","background-size":"auto","background-attachment":"scroll","background-type":"","background-media":"","overlay-type":"","overlay-color":"","overlay-opacity":"","overlay-gradient":""},"tablet":{"background-color":"var(--ast-global-color-5)","background-image":"","background-repeat":"repeat","background-position":"center center","background-size":"auto","background-attachment":"scroll","background-type":"","background-media":"","overlay-type":"","overlay-color":"","overlay-opacity":"","overlay-gradient":""},"mobile":{"background-color":"var(--ast-global-color-5)","background-image":"","background-repeat":"repeat","background-position":"center center","background-size":"auto","background-attachment":"scroll","background-type":"","background-media":"","overlay-type":"","overlay-color":"","overlay-opacity":"","overlay-gradient":""}},"footnotes":""},"class_list":["post-2169","page","type-page","status-publish","hentry"],"_hostinger_reach_plugin_has_subscription_block":false,"_hostinger_reach_plugin_is_elementor":false,"uagb_featured_image_src":{"full":false,"thumbnail":false,"medium":false,"medium_large":false,"large":false,"1536x1536":false,"2048x2048":false,"trp-custom-language-flag":false},"uagb_author_info":{"display_name":"koffoliv@gmail.com","author_link":"https:\/\/mrrp.church\/en\/author\/koffolivgmail-com\/"},"uagb_comment_info":0,"uagb_excerpt":"Au-del\u00e0 d\u2019un simple \u00e9v\u00e9nement, 10 Heures dans Sa Pr\u00e9sence est une exp\u00e9rience spirituelle profonde, destin\u00e9e \u00e0 : raviver la flamme de l\u2019adoration authentique, recentrer l\u2019\u00c9glise sur la pr\u00e9sence de Dieu, porter dans la pri\u00e8re le fardeau de l\u2019\u00c9glise, des familles et des nations. Le programme se tient chaque ann\u00e9e le jeudi de l\u2019Ascension, un jour&hellip;","_links":{"self":[{"href":"https:\/\/mrrp.church\/en\/wp-json\/wp\/v2\/pages\/2169","targetHints":{"allow":["GET"]}}],"collection":[{"href":"https:\/\/mrrp.church\/en\/wp-json\/wp\/v2\/pages"}],"about":[{"href":"https:\/\/mrrp.church\/en\/wp-json\/wp\/v2\/types\/page"}],"author":[{"embeddable":true,"href":"https:\/\/mrrp.church\/en\/wp-json\/wp\/v2\/users\/1"}],"replies":[{"embeddable":true,"href":"https:\/\/mrrp.church\/en\/wp-json\/wp\/v2\/comments?post=2169"}],"version-history":[{"count":4,"href":"https:\/\/mrrp.church\/en\/wp-json\/wp\/v2\/pages\/2169\/revisions"}],"predecessor-version":[{"id":2221,"href":"https:\/\/mrrp.church\/en\/wp-json\/wp\/v2\/pages\/2169\/revisions\/2221"}],"wp:attachment":[{"href":"https:\/\/mrrp.church\/en\/wp-json\/wp\/v2\/media?parent=2169"}],"curies":[{"name":"wp","href":"https:\/\/api.w.org\/{rel}","templated":true}]}}